{"id":2153,"date":"2025-11-13T09:22:05","date_gmt":"2025-11-13T09:22:05","guid":{"rendered":"https:\/\/www.inceptio.al\/?page_id=2153"},"modified":"2025-11-27T12:01:01","modified_gmt":"2025-11-27T12:01:01","slug":"praranger","status":"publish","type":"page","link":"https:\/\/www.inceptio.al\/sq\/praranger\/","title":{"rendered":"Praranger"},"content":{"rendered":"<div class=\"wp-block-group alignfull has-background has-global-padding is-layout-constrained wp-container-core-group-is-layout-a0421805 wp-block-group-is-layout-constrained\" style=\"border-style:none;border-width:0px;background-color:#292727;margin-top:0;margin-bottom:0;padding-top:var(--wp--preset--spacing--50);padding-right:var(--wp--preset--spacing--30);padding-bottom:var(--wp--preset--spacing--50);padding-left:var(--wp--preset--spacing--30)\">\n<div class=\"wp-block-columns alignwide is-layout-flex wp-container-core-columns-is-layout-cac0939a wp-block-columns-is-layout-flex\" style=\"padding-right:0;padding-left:0\">\n<div class=\"wp-block-column is-vertically-aligned-center is-layout-flow wp-block-column-is-layout-flow\" style=\"flex-basis:50%\">\n<figure data-wp-context=\"{&quot;galleryId&quot;:&quot;69d13432f2a16&quot;}\" data-wp-interactive=\"core\/gallery\" class=\"wp-block-gallery has-nested-images columns-2 is-cropped wp-block-gallery-3 is-layout-flex wp-block-gallery-is-layout-flex\">\n<figure data-wp-context=\"{&quot;imageId&quot;:&quot;69d1343301ab0&quot;}\" data-wp-interactive=\"core\/image\" data-wp-key=\"69d1343301ab0\" class=\"wp-block-image size-full has-custom-border is-style-default wp-lightbox-container\" style=\"margin-top:0;margin-right:0;margin-bottom:0;margin-left:0\"><img loading=\"lazy\" decoding=\"async\" width=\"2560\" height=\"1920\" data-wp-class--hide=\"state.isContentHidden\" data-wp-class--show=\"state.isContentVisible\" data-wp-init=\"callbacks.setButtonStyles\" data-wp-on--click=\"actions.showLightbox\" data-wp-on--load=\"callbacks.setButtonStyles\" data-wp-on--pointerdown=\"actions.preloadImage\" data-wp-on--pointerenter=\"actions.preloadImageWithDelay\" data-wp-on--pointerleave=\"actions.cancelPreload\" data-wp-on-window--resize=\"callbacks.setButtonStyles\" data-id=\"2158\" src=\"https:\/\/www.inceptio.al\/wp-content\/uploads\/2025\/11\/P5240063-1-scaled.jpg\" alt=\"\" class=\"wp-image-2158\" style=\"border-style:none;border-width:0px;border-top-left-radius:0px;border-top-right-radius:0px;border-bottom-left-radius:0px;border-bottom-right-radius:0px;object-fit:cover\" srcset=\"https:\/\/www.inceptio.al\/wp-content\/uploads\/2025\/11\/P5240063-1-scaled.jpg 2560w, https:\/\/www.inceptio.al\/wp-content\/uploads\/2025\/11\/P5240063-1-300x225.jpg 300w, https:\/\/www.inceptio.al\/wp-content\/uploads\/2025\/11\/P5240063-1-1024x768.jpg 1024w, https:\/\/www.inceptio.al\/wp-content\/uploads\/2025\/11\/P5240063-1-768x576.jpg 768w, https:\/\/www.inceptio.al\/wp-content\/uploads\/2025\/11\/P5240063-1-1536x1152.jpg 1536w, https:\/\/www.inceptio.al\/wp-content\/uploads\/2025\/11\/P5240063-1-2048x1536.jpg 2048w\" sizes=\"auto, (max-width: 2560px) 100vw, 2560px\" \/><button\n\t\t\tclass=\"lightbox-trigger\"\n\t\t\ttype=\"button\"\n\t\t\taria-haspopup=\"dialog\"\n\t\t\tdata-wp-bind--aria-label=\"state.thisImage.triggerButtonAriaLabel\"\n\t\t\tdata-wp-init=\"callbacks.initTriggerButton\"\n\t\t\tdata-wp-on--click=\"actions.showLightbox\"\n\t\t\tdata-wp-style--right=\"state.thisImage.buttonRight\"\n\t\t\tdata-wp-style--top=\"state.thisImage.buttonTop\"\n\t\t>\n\t\t\t<svg xmlns=\"http:\/\/www.w3.org\/2000\/svg\" width=\"12\" height=\"12\" fill=\"none\" viewbox=\"0 0 12 12\">\n\t\t\t\t<path fill=\"#fff\" d=\"M2 0a2 2 0 0 0-2 2v2h1.5V2a.5.5 0 0 1 .5-.5h2V0H2Zm2 10.5H2a.5.5 0 0 1-.5-.5V8H0v2a2 2 0 0 0 2 2h2v-1.5ZM8 12v-1.5h2a.5.5 0 0 0 .5-.5V8H12v2a2 2 0 0 1-2 2H8Zm2-12a2 2 0 0 1 2 2v2h-1.5V2a.5.5 0 0 0-.5-.5H8V0h2Z\" \/>\n\t\t\t<\/svg>\n\t\t<\/button><figcaption class=\"wp-element-caption\">Para<\/figcaption><\/figure>\n\n\n\n<figure data-wp-context=\"{&quot;imageId&quot;:&quot;69d13433025fc&quot;}\" data-wp-interactive=\"core\/image\" data-wp-key=\"69d13433025fc\" class=\"wp-block-image size-full is-style-default wp-duotone-unset-1 wp-lightbox-container\"><img loading=\"lazy\" decoding=\"async\" width=\"2560\" height=\"1440\" data-wp-class--hide=\"state.isContentHidden\" data-wp-class--show=\"state.isContentVisible\" data-wp-init=\"callbacks.setButtonStyles\" data-wp-on--click=\"actions.showLightbox\" data-wp-on--load=\"callbacks.setButtonStyles\" data-wp-on--pointerdown=\"actions.preloadImage\" data-wp-on--pointerenter=\"actions.preloadImageWithDelay\" data-wp-on--pointerleave=\"actions.cancelPreload\" data-wp-on-window--resize=\"callbacks.setButtonStyles\" data-id=\"2159\" src=\"https:\/\/www.inceptio.al\/wp-content\/uploads\/2025\/11\/RENDER3-scaled.jpg\" alt=\"\" class=\"wp-image-2159\" srcset=\"https:\/\/www.inceptio.al\/wp-content\/uploads\/2025\/11\/RENDER3-scaled.jpg 2560w, https:\/\/www.inceptio.al\/wp-content\/uploads\/2025\/11\/RENDER3-300x169.jpg 300w, https:\/\/www.inceptio.al\/wp-content\/uploads\/2025\/11\/RENDER3-1024x576.jpg 1024w, https:\/\/www.inceptio.al\/wp-content\/uploads\/2025\/11\/RENDER3-768x432.jpg 768w, https:\/\/www.inceptio.al\/wp-content\/uploads\/2025\/11\/RENDER3-1536x864.jpg 1536w, https:\/\/www.inceptio.al\/wp-content\/uploads\/2025\/11\/RENDER3-2048x1152.jpg 2048w\" sizes=\"auto, (max-width: 2560px) 100vw, 2560px\" \/><button\n\t\t\tclass=\"lightbox-trigger\"\n\t\t\ttype=\"button\"\n\t\t\taria-haspopup=\"dialog\"\n\t\t\tdata-wp-bind--aria-label=\"state.thisImage.triggerButtonAriaLabel\"\n\t\t\tdata-wp-init=\"callbacks.initTriggerButton\"\n\t\t\tdata-wp-on--click=\"actions.showLightbox\"\n\t\t\tdata-wp-style--right=\"state.thisImage.buttonRight\"\n\t\t\tdata-wp-style--top=\"state.thisImage.buttonTop\"\n\t\t>\n\t\t\t<svg xmlns=\"http:\/\/www.w3.org\/2000\/svg\" width=\"12\" height=\"12\" fill=\"none\" viewbox=\"0 0 12 12\">\n\t\t\t\t<path fill=\"#fff\" d=\"M2 0a2 2 0 0 0-2 2v2h1.5V2a.5.5 0 0 1 .5-.5h2V0H2Zm2 10.5H2a.5.5 0 0 1-.5-.5V8H0v2a2 2 0 0 0 2 2h2v-1.5ZM8 12v-1.5h2a.5.5 0 0 0 .5-.5V8H12v2a2 2 0 0 1-2 2H8Zm2-12a2 2 0 0 1 2 2v2h-1.5V2a.5.5 0 0 0-.5-.5H8V0h2Z\" \/>\n\t\t\t<\/svg>\n\t\t<\/button><figcaption class=\"wp-element-caption\">Pas<\/figcaption><\/figure>\n\n\n\n<figure data-wp-context=\"{&quot;imageId&quot;:&quot;69d1343302c8a&quot;}\" data-wp-interactive=\"core\/image\" data-wp-key=\"69d1343302c8a\" class=\"wp-block-image size-full is-style-default wp-duotone-unset-2 wp-lightbox-container\"><img loading=\"lazy\" decoding=\"async\" width=\"1736\" height=\"2560\" data-wp-class--hide=\"state.isContentHidden\" data-wp-class--show=\"state.isContentVisible\" data-wp-init=\"callbacks.setButtonStyles\" data-wp-on--click=\"actions.showLightbox\" data-wp-on--load=\"callbacks.setButtonStyles\" data-wp-on--pointerdown=\"actions.preloadImage\" data-wp-on--pointerenter=\"actions.preloadImageWithDelay\" data-wp-on--pointerleave=\"actions.cancelPreload\" data-wp-on-window--resize=\"callbacks.setButtonStyles\" data-id=\"2157\" src=\"https:\/\/www.inceptio.al\/wp-content\/uploads\/2025\/11\/Untitled-4-scaled.jpg\" alt=\"\" class=\"wp-image-2157\" srcset=\"https:\/\/www.inceptio.al\/wp-content\/uploads\/2025\/11\/Untitled-4-scaled.jpg 1736w, https:\/\/www.inceptio.al\/wp-content\/uploads\/2025\/11\/Untitled-4-203x300.jpg 203w, https:\/\/www.inceptio.al\/wp-content\/uploads\/2025\/11\/Untitled-4-694x1024.jpg 694w, https:\/\/www.inceptio.al\/wp-content\/uploads\/2025\/11\/Untitled-4-768x1133.jpg 768w, https:\/\/www.inceptio.al\/wp-content\/uploads\/2025\/11\/Untitled-4-1041x1536.jpg 1041w, https:\/\/www.inceptio.al\/wp-content\/uploads\/2025\/11\/Untitled-4-1389x2048.jpg 1389w\" sizes=\"auto, (max-width: 1736px) 100vw, 1736px\" \/><button\n\t\t\tclass=\"lightbox-trigger\"\n\t\t\ttype=\"button\"\n\t\t\taria-haspopup=\"dialog\"\n\t\t\tdata-wp-bind--aria-label=\"state.thisImage.triggerButtonAriaLabel\"\n\t\t\tdata-wp-init=\"callbacks.initTriggerButton\"\n\t\t\tdata-wp-on--click=\"actions.showLightbox\"\n\t\t\tdata-wp-style--right=\"state.thisImage.buttonRight\"\n\t\t\tdata-wp-style--top=\"state.thisImage.buttonTop\"\n\t\t>\n\t\t\t<svg xmlns=\"http:\/\/www.w3.org\/2000\/svg\" width=\"12\" height=\"12\" fill=\"none\" viewbox=\"0 0 12 12\">\n\t\t\t\t<path fill=\"#fff\" d=\"M2 0a2 2 0 0 0-2 2v2h1.5V2a.5.5 0 0 1 .5-.5h2V0H2Zm2 10.5H2a.5.5 0 0 1-.5-.5V8H0v2a2 2 0 0 0 2 2h2v-1.5ZM8 12v-1.5h2a.5.5 0 0 0 .5-.5V8H12v2a2 2 0 0 1-2 2H8Zm2-12a2 2 0 0 1 2 2v2h-1.5V2a.5.5 0 0 0-.5-.5H8V0h2Z\" \/>\n\t\t\t<\/svg>\n\t\t<\/button><\/figure>\n<\/figure>\n<\/div>\n\n\n\n<div class=\"wp-block-column is-vertically-aligned-stretch is-layout-flow wp-block-column-is-layout-flow\" style=\"flex-basis:50%\">\n<div class=\"wp-block-columns is-layout-flex wp-container-core-columns-is-layout-3a88641f wp-block-columns-is-layout-flex\">\n<div class=\"wp-block-column is-layout-flow wp-block-column-is-layout-flow\" style=\"flex-basis:100%\">\n<div class=\"wp-block-group is-vertical is-content-justification-stretch is-layout-flex wp-container-core-group-is-layout-c042bc37 wp-block-group-is-layout-flex\" style=\"min-height:100%\">\n<div class=\"wp-block-group is-vertical is-layout-flex wp-container-core-group-is-layout-831b2db5 wp-block-group-is-layout-flex\">\n<p class=\"wp-container-content-0733e5d0 wp-block-paragraph\">Viti: 2021<\/p>\n\n\n\n<p class=\"wp-block-paragraph\">Kategoria: Strehim<\/p>\n\n\n\n<p class=\"wp-block-paragraph\">Vendi\/Qyteti: Franc\u00eb, Praranger, Rhone Alpes<\/p>\n\n\n\n<p class=\"wp-block-paragraph\">Statusi: P\u00ebrfunduar<\/p>\n\n\n\n<p class=\"wp-block-paragraph\">Projekti ndodhet n\u00eb Praranger, nj\u00eb qytet i vog\u00ebl piktoresk, i nd\u00ebrtuar n\u00eb stilin savojar me dru dhe gur\u00eb t\u00eb duksh\u00ebm, i rinovuar plot\u00ebsisht dhe i transformuar n\u00eb nj\u00eb vil\u00eb t\u00eb rehatshme dhe luksoze. <\/p>\n<\/div>\n<\/div>\n<\/div>\n<\/div>\n<\/div>\n<\/div>\n<\/div>","protected":false},"excerpt":{"rendered":"<p>Year: 2021 Category: Housing Country\/ City: France, Praranger, Rhone Alpes Status: Finished The project is located in Praranger, a picturesque small town, built in a Savoyard style with visible wood and stones, completely renovated and transformed into a comfortable and luxury chalet.<\/p>","protected":false},"author":1,"featured_media":0,"parent":0,"menu_order":0,"comment_status":"closed","ping_status":"closed","template":"","meta":{"_crdt_document":"","om_disable_all_campaigns":false,"_monsterinsights_skip_tracking":false,"_monsterinsights_sitenote_active":false,"_monsterinsights_sitenote_note":"","_monsterinsights_sitenote_category":0,"footnotes":""},"categories":[13,49,21],"tags":[31,47,25],"class_list":["post-2153","page","type-page","status-publish","hentry","category-architecture","category-housing","category-residetial","tag-31","tag-finished","tag-france"],"aioseo_notices":[],"_links":{"self":[{"href":"https:\/\/www.inceptio.al\/sq\/wp-json\/wp\/v2\/pages\/2153","targetHints":{"allow":["GET"]}}],"collection":[{"href":"https:\/\/www.inceptio.al\/sq\/wp-json\/wp\/v2\/pages"}],"about":[{"href":"https:\/\/www.inceptio.al\/sq\/wp-json\/wp\/v2\/types\/page"}],"author":[{"embeddable":true,"href":"https:\/\/www.inceptio.al\/sq\/wp-json\/wp\/v2\/users\/1"}],"replies":[{"embeddable":true,"href":"https:\/\/www.inceptio.al\/sq\/wp-json\/wp\/v2\/comments?post=2153"}],"version-history":[{"count":5,"href":"https:\/\/www.inceptio.al\/sq\/wp-json\/wp\/v2\/pages\/2153\/revisions"}],"predecessor-version":[{"id":2172,"href":"https:\/\/www.inceptio.al\/sq\/wp-json\/wp\/v2\/pages\/2153\/revisions\/2172"}],"wp:attachment":[{"href":"https:\/\/www.inceptio.al\/sq\/wp-json\/wp\/v2\/media?parent=2153"}],"wp:term":[{"taxonomy":"category","embeddable":true,"href":"https:\/\/www.inceptio.al\/sq\/wp-json\/wp\/v2\/categories?post=2153"},{"taxonomy":"post_tag","embeddable":true,"href":"https:\/\/www.inceptio.al\/sq\/wp-json\/wp\/v2\/tags?post=2153"}],"curies":[{"name":"wp","href":"https:\/\/api.w.org\/{rel}","templated":true}]}}